{"id":7528,"date":"2016-09-23T08:39:52","date_gmt":"2016-09-23T06:39:52","guid":{"rendered":"https:\/\/kine.local.151-80-101-104.irondex.com\/politica-de-privacidad\/"},"modified":"2018-10-04T15:21:34","modified_gmt":"2018-10-04T13:21:34","slug":"politica-de-privacitat","status":"publish","type":"page","link":"https:\/\/old.centrekine.com\/ca\/politica-de-privacitat\/","title":{"rendered":"Pol\u00edtica de Privacitat"},"content":{"rendered":"<div class=\"col-xs-12 title-aviso-legal\">\n<h3>POL\u00cdTICA DE PROTECCI\u00d3 DE DADES I PRIVACITAT<\/h3>\n<hr>\n<\/div>\n<div class=\"col-xs-12 content-aviso-legal\">\n<p>\n        Al CENTRE KINE S.L. ens preocupem per la privacitat i la transpar\u00e8ncia.<br \/>\n        <br \/>En aquesta Pol\u00edtica de Privacitat, trobar\u00e0 el seg\u00fcent:\n    <\/p>\n<ul>\n<li>Dades del responsable del tractament<\/li>\n<li>Respecte de cada categoria d&#8217;interessats, les finalitats per les quals tractem les seves dades, la legitimaci\u00f3 d&#8217;aquest tractament, la proced\u00e8ncia de les seves dades, entre uns altres.<\/li>\n<li>Li informem sobre els drets que qualsevol persona t\u00e9 en mat\u00e8ria de protecci\u00f3 de dades i sobre com pot exercir-los.<\/li>\n<\/ul>\n<h3>I. DADES DEL RESPONSABLE DEL TRACTAMENT<\/h3>\n<ul>\n<li>CENTRE KINE S.L..<\/li>\n<li>B25216359.<\/li>\n<li>PASSEIG DE RONDA, 164 ENTL. 1-A &#8211; 25001 &#8211; LLEIDA.<\/li>\n<li>973233703.<\/li>\n<li>info@centrekine.com<\/li>\n<\/ul>\n<p>A continuaci\u00f3, li indiquem detalladament els tractaments de dades personals que realitzem, aix\u00ed com tota la informaci\u00f3 relativa als mateixos.<\/p>\n<h3>II. ACTIVITATS DEL TRACTAMENT<\/h3>\n<h4>A. TRACTAMENT DE LES DADES DE POTENCIALS CLIENTS I CONTACTES WEB<\/h4>\n<p>\n        <b>1. Amb quina finalitat tractem les seves dades personals?<\/b><br \/>\n        <br \/>En CENTRE KINE S.L. tractem la informaci\u00f3 que ens faciliten les persones interessades amb la finalitat d&#8217;atendre la seva sol\u00b7licitud i enviar-li comunicacions comercials, inclusivament per via electr\u00f2nica.<br \/>\n        <br \/>No es prendran decisions automatitzades en base de dades proporcionades.\n    <\/p>\n<p>\n        <b>2. Per quant temps conservarem les seves dades?<\/b><br \/>\n        <br \/>Les dades es conservaran mentre l&#8217;interessat no sol\u00b7liciti la seva supressi\u00f3.\n    <\/p>\n<p>\n        <b>3. Quin \u00e9s la legitimaci\u00f3 per al tractament de les seves dades?<\/b><br \/>\n        <br \/>Li indiquem la base legal per al tractament de les seves dades:<\/p>\n<ul>\n<li>Execuci\u00f3 d&#8217;un contracte: Atendre la seva sol\u00b7licitud<\/li>\n<li>Consentiment de l&#8217;interessat: Enviar-li comunicacions comercials, inclusivament per via electr\u00f2nica<\/li>\n<\/ul>\n<p>\n        <b>4. A quins destinataris es comunicaran les seves dades?<\/b><br \/>\n        <br \/>No se cediran dades a tercers, excepte obligaci\u00f3 legal.\n    <\/p>\n<p>\n        <b>5. Transfer\u00e8ncies de dades a tercers pa\u00efsos<\/b><br \/>\n        <br \/>No estan previstes transfer\u00e8ncies de dades a tercers pa\u00efsos.\n    <\/p>\n<p>\n        <b>6. Com hem obtingut les seves dades?<\/b><br \/>\n        <br \/>Les dades personals que tractem en CENTRE KINE S.L. procedeixen de: El propi interessat.<br \/>\n        <br \/>Les categories de dades que es tracten s\u00f3n:<\/p>\n<ul>\n<li>Dades identificatives.<\/li>\n<li>Adreces postals i electr\u00f2niques.<\/li>\n<\/ul>\n<h4>B. TRACTAMENT DE LES DADES DEL PERSONAL<\/h4>\n<p>\n        <b>1. Amb quina finalitat tractem les seves dades personals?<\/b><br \/>\n        <br \/>En CENTRE KINE S.L. tractem la informaci\u00f3 que ens faciliten les persones interessades amb la finalitat de Gesti\u00f3 de personal; formaci\u00f3; prevenci\u00f3 de riscos laborals i vigil\u00e0ncia de la salut; elaboraci\u00f3 de n\u00f2mines, assegurances socials i cotitzacions.<br \/>\n        <br \/>No es prendran decisions automatitzades en base de dades proporcionades.\n    <\/p>\n<p>\n        <b>2. Per quant temps conservarem les seves dades?<\/b><br \/>\n        <br \/>Mentre es mantingui la relaci\u00f3 laboral amb l&#8217;entitat i durant els anys necessaris per complir amb les obligacions legals.\n    <\/p>\n<p>\n        <b>3. Quin \u00e9s la legitimaci\u00f3 per al tractament de les seves dades?<\/b><br \/>\n        <br \/>Li indiquem la base legal per al tractament de les seves dades:<\/p>\n<ul>\n<li>Execuci\u00f3 d&#8217;un contracte: Gesti\u00f3 de personal i formaci\u00f3<\/li>\n<li>Compliment d&#8217;una obligaci\u00f3 legal: Prevenci\u00f3 de riscos laborals i vigil\u00e0ncia de la salut; elaboraci\u00f3 de n\u00f2mines, assegurances socials i cotitzacions.<\/li>\n<\/ul>\n<p>\n        <b>4. A quins destinataris es comunicaran les seves dades?<\/b><br \/>\n        <br \/>Les dades es comunicaran als seg\u00fcents destinataris:<\/p>\n<ul>\n<li>Ag\u00e8ncia Tribut\u00e0ria, Seguretat Social i M\u00fatua, amb la finalitat de Compliment de les obligacions legals<\/li>\n<li>Bancs i entitats financeres, amb la finalitat de Realitzar el pagament de les n\u00f2mines<\/li>\n<li>Fundaci\u00f3 estatal per a la formaci\u00f3 en l&#8217;ocupaci\u00f3 (Fundae), amb la finalitat de realitzar la gesti\u00f3 dels cursos bonificats.<\/li>\n<\/ul>\n<p>\n        <b>5. Transfer\u00e8ncies de dades a tercers pa\u00efsos<\/b><br \/>\n        <br \/>No estan previstes transfer\u00e8ncies de dades a tercers pa\u00efsos.\n    <\/p>\n<p>\n        <b>6. Com hem obtingut les seves dades?<\/b><br \/>\n        <br \/>Les dades personals que tractem en CENTRE KINE S.L. procedeixen de: El propi interessat.<br \/>\n        <br \/>Les categories de dades que es tracten s\u00f3n:<\/p>\n<ul>\n<li>Dades identificatives.<\/li>\n<li>Informaci\u00f3 comercial.<\/li>\n<li>Dades econ\u00f2miques.<\/li>\n<\/ul>\n<p>Es tracten les seg\u00fcents categories de dades especials: salut.\n    <\/p>\n<h4>C. TRACTAMENT DE LES DADES DE CANDIDATS A UN LLOC DE TREBALL<\/h4>\n<p>\n        <b>1. Amb quina finalitat tractem les seves dades personals?<\/b><br \/>\n        <br \/>En CENTRE KINE S.L. tractem la informaci\u00f3 que ens faciliten les persones interessades amb la finalitat de Gestionar els Curriculum Vitae rebuts i realitzar els processos de selecci\u00f3 de personal<br \/>\n        <br \/>No es van a prendre decisions automatitzades en base de dades proporcionats.\n    <\/p>\n<p>\n        <b>2. Per quant temps conservarem les seves dades?<\/b><br \/>\n        <br \/>Dos anys des de l&#8217;\u00faltima interacci\u00f3.\n    <\/p>\n<p>\n        <b>3. Quin \u00e9s la legitimaci\u00f3 per al tractament de les seves dades?<\/b><br \/>\n        <br \/>Li indiquem la base legal per al tractament de les seves dades:<\/p>\n<ul>\n<li>Consentiment de l&#8217;interessat: Gestionar els Curriculum Vitae rebuts i realitzar els processos de selecci\u00f3 de personal.<\/li>\n<\/ul>\n<p>\n        <b>4. A quins destinataris es comunicaran les seves dades?<\/b><br \/>\n        <br \/>No se cediran dades a tercers, excepte obligaci\u00f3 legal.\n    <\/p>\n<p>\n        <b>5. Transfer\u00e8ncies de dades a tercers pa\u00efsos<\/b><br \/>\n        <br \/>No estan previstes transfer\u00e8ncies de dades a tercers pa\u00efsos.\n    <\/p>\n<p>\n        <b>6. Com hem obtingut les seves dades?<\/b><br \/>\n        <br \/>Les dades personals que tractem en CENTRE KINE S.L. procedeixen de: El propi interessat.<br \/>\n        <br \/>Les categories de dades que es tracten s\u00f3n:<\/p>\n<ul>\n<li>Dades identificatives.<\/li>\n<li>Adreces postals i electr\u00f2niques.<\/li>\n<\/ul>\n<h4>D. TRACTAMENT DE LES DADES DE PROVE\u00cfDORS<\/h4>\n<p>\n        <b>1. Amb quina finalitat tractem les seves dades personals?<\/b><br \/>\n        <br \/>En CENTRE KINE S.L. tractem la informaci\u00f3 que ens faciliten les persones interessades amb la finalitat de Realitzar la gesti\u00f3 administrativa, comptable i fiscal dels serveis contractats, aix\u00ed com de les persones de contacte<br \/>\n        <br \/>No es van a prendre decisions automatitzades en base de dades proporcionats.\n    <\/p>\n<p>\n        <b>2. Per quant temps conservarem les seves dades?<\/b><br \/>\n        <br \/>Les dades es conservaran mentre l&#8217;interessat no sol\u00b7liciti la seva supressi\u00f3, i si escau, durant els anys necessaris per complir amb les obligacions legals.\n    <\/p>\n<p>\n        <b>3. Quin \u00e9s la legitimaci\u00f3 per al tractament de les seves dades?<\/b><br \/>\n        <br \/>Li indiquem la base legal per al tractament de les seves dades:<\/p>\n<ul>\n<li>Execuci\u00f3 d&#8217;un contracte: Realitzar la gesti\u00f3 administrativa, comptable i fiscal dels serveis contractats, aix\u00ed com de les persones de contacte.<\/li>\n<\/ul>\n<p>\n        <b>4. A quins destinataris es comunicaran les seves dades?<\/b><br \/>\n        <br \/>Les dades es comunicaran als seg\u00fcents destinataris:<\/p>\n<ul>\n<li>Ag\u00e8ncia Tribut\u00e0ria, amb la finalitat de Complir amb les obligacions legals.<\/li>\n<li>Entitats financeres, amb la finalitat de Realitzar els pagaments corresponents.<\/li>\n<\/ul>\n<p>\n        <b>5. Transfer\u00e8ncies de dades a tercers pa\u00efsos<\/b><br \/>\n        <br \/>No estan previstes transfer\u00e8ncies de dades a tercers pa\u00efsos.\n    <\/p>\n<p>\n        <b>6. Com hem obtingut les seves dades?<\/b><br \/>\n        <br \/>Les dades personals que tractem en CENTRE KINE S.L. procedeixen de: El propi interessat.<br \/>\n        <br \/>Les categories de dades que es tracten s\u00f3n:<\/p>\n<ul>\n<li>Dades identificatives.<\/li>\n<li>Adreces postals i electr\u00f2niques.<\/li>\n<li>Informaci\u00f3 comercial.<\/li>\n<\/ul>\n<h4>E. TRACTAMENT DE LES DADES DE VIDEOVIGILANCIA<\/h4>\n<p>\n        <b>1. Amb quina finalitat tractem les seves dades personals?<\/b><br \/>\n        <br \/>En CENTRE KINE S.L. tractem la informaci\u00f3 que ens faciliten les persones interessades amb la finalitat de Garantir la seguretat de persones, b\u00e9ns i instal\u00b7lacions.<br \/>\n        <br \/>No es prendran automatitzades en base de dades proporcionades.\n    <\/p>\n<p>\n        <b>2. Per quant temps conservarem les seves dades?<\/b><br \/>\n        <br \/>Les dades es conservaran un m\u00e0xim de 30 dies, excepte comunicaci\u00f3 a Forces i Cossos de Seguretat, i\/o Jutjats i Tribunals.\n    <\/p>\n<p>\n        <b>3. Quin \u00e9s la legitimaci\u00f3 per al tractament de les seves dades?<\/b><br \/>\n        <br \/>Li indiquem la base legal per al tractament de les seves dades:<\/p>\n<ul>\n<li>Missi\u00f3 en Inter\u00e8s p\u00fablic: Garantir la seguretat de persones, b\u00e9ns i instal\u00b7lacions<\/li>\n<li>Inter\u00e8s leg\u00edtim del Responsable: Garantir la seguretat de les seus de l&#8217;empresa, els seus treballadors i els documents\/informaci\u00f3 que es troben en elles.<\/li>\n<\/ul>\n<p>\n        <b>4. A quins destinataris es comunicaran les seves dades?<\/b><br \/>\n        <br \/>Les dades es comunicaran als seg\u00fcents destinataris:<\/p>\n<ul>\n<li>Si escau, les forces i cossos de seguretat de l&#8217;Estat, aix\u00ed com Jutjats i Tribunals, amb la finalitat d&#8217;aportar les imatges si s&#8217;ha com\u00e8s un delicte.<\/li>\n<\/ul>\n<p>\n        <b>5. Transfer\u00e8ncies de dades a tercers pa\u00efsos<\/b><br \/>\n        <br \/>No estan previstes transfer\u00e8ncies de dades a tercers pa\u00efsos.\n    <\/p>\n<p>\n        <b>6. Com hem obtingut les seves dades?<\/b><br \/>\n        <br \/>Les dades personals que tractem en CENTRE KINE S.L. procedeixen de: El propi interessat.\n    <\/p>\n<h4>F. TRACTAMENT DE LES DADES DE CLIENTS<\/h4>\n<p>\n        <b>1. Amb quina finalitat tractem les seves dades personals?<\/b><br \/>\n        <br \/>Al CENTRE KINE S.L. tractem la informaci\u00f3 que ens faciliten les persones interessades amb la finalitat de Realitzar la gesti\u00f3 administrativa, comptable i fiscal dels serveis sol\u00b7licitats, aix\u00ed com enviar comunicacions comercials sobre els nostres productes i serveis.<br \/>\n        <br \/>No es prendran decisions automatitzades en base de dades proporcionades.\n    <\/p>\n<p>\n        <b>2. Per quant temps conservarem les seves dades?<\/b><br \/>\n        <br \/>Les dades es conservaran mentre l&#8217;interessat no sol\u00b7liciti la seva supressi\u00f3, i si escau, durant els anys necessaris per complir amb les obligacions legals.\n    <\/p>\n<p>\n        <b>3. Quin \u00e9s la legitimaci\u00f3 per al tractament de les seves dades?<\/b><br \/>\n        <br \/>Li indiquem la base legal per al tractament de les seves dades:<\/p>\n<ul>\n<li>Execuci\u00f3 d&#8217;un contracte: Realitzar la gesti\u00f3 administrativa, comptable i fiscal dels serveis sol\u00b7licitats.<\/li>\n<li>Inter\u00e8s leg\u00edtim del Responsable: Enviar comunicacions comercials sobre els nostres productes i serveis.<\/li>\n<\/ul>\n<p>\n        <b>4. A quins destinataris es comunicaran les seves dades?<\/b><br \/>\n        <br \/>Les dades es comunicaran als seg\u00fcents destinataris:<\/p>\n<ul>\n<li>Ag\u00e8ncia Tribut\u00e0ria, amb la finalitat de complir amb les obligacions legals.<\/li>\n<li>Entitats financeres, amb la finalitat de girar els rebuts corresponents.<\/li>\n<\/ul>\n<p>\n        <b>5. Transfer\u00e8ncies de dades a tercers pa\u00efsos<\/b><br \/>\n        <br \/>No estan previstes transfer\u00e8ncies de dades a tercers pa\u00efsos.\n    <\/p>\n<p>\n        <b>6. Com hem obtingut les seves dades?<\/b><br \/>\n        <br \/>Les dades personals que tractem en CENTRE KINE S.L. procedeixen de: El propi interessat.<br \/>\n        <br \/>Les categories de dades que es tracten s\u00f3n:<\/p>\n<ul>\n<li>Dades identificatives.<\/li>\n<li>Adreces postals i electr\u00f2niques.<\/li>\n<li>Informaci\u00f3 comercial.<\/li>\n<\/ul>\n<h4>G. TRACTAMENT DE LES DADES DEL PERSONAL<\/h4>\n<p>\n        <b>1. Amb quina finalitat tractem les seves dades personals?<\/b><br \/>\n        <br \/>En CENTRE KINE S.L. tractem la informaci\u00f3 que ens faciliten les persones interessades amb la finalitat de prestar de forma adequada els serveis sanitaris sol\u00b7licitats i per a la correcta gesti\u00f3 administrativa del centre.<br \/>\n        <br \/>No es prendran decisions automatitzades en base de dades proporcionades.\n    <\/p>\n<p>\n        <b>2. Per quant temps conservarem les seves dades?<\/b><br \/>\n        <br \/>Les dades personals que siguin proporcionats, aix\u00ed com els derivats de l&#8217;assist\u00e8ncia sanit\u00e0ria prestada, es conservaran per un termini de 5 anys, conforme a l&#8217;establert en l&#8217;art. 17 de la Llei 41\/2002 d&#8217;Autonomia del Pacient. Les dades contingudes en el consentiment informat, els informes d&#8217;alta i uns altres, es conservaran per un termini de 15 anys, conforme a l&#8217;establert en l&#8217;art. 12 de la Llei 21\/2000, de 29 de desembre, sobre els drets d \u0301informaci\u00f3 concernent a la salut i l \u0301autonomia del pacient, i la documentaci\u00f3 cl\u00ednica.\n    <\/p>\n<p>\n        <b>3. Quin \u00e9s la legitimaci\u00f3 per al tractament de les seves dades?<\/b><br \/>\n        <br \/>La Base Jur\u00eddica per poder realitzar el tractament de dades m\u00e8diques sanit\u00e0ries, es recull en la Llei d&#8217;Autonomia del Pacient 41\/2002 de 14 de novembre \u201cLlei d&#8217;Autonomia del pacient i Drets i Obligacions en mat\u00e8ria d&#8217;informaci\u00f3 i documentaci\u00f3 cl\u00ednica\u201d. Tamb\u00e9 l&#8217;execuci\u00f3 d&#8217;un contracte de serveis m\u00e8dic-sanitaris.<br \/>\n        <br \/>Compliment d&#8217;una obligaci\u00f3 legal<br \/>\n        <br \/>En el marc de les inspeccions de Sanitat i Hisenda, l&#8217;acc\u00e9s a les dades de salut per part de les autoritats competents es troba emparat per Reial decret Legislatiu 8\/2015, de 30 d&#8217;octubre, pel qual s&#8217;aprova el text ref\u00f3s de la Llei General de la Seguretat Social, aix\u00ed com en les lleis 33\/2011, de 4 d&#8217;octubre, General de la Salut P\u00fablica i 14\/1986, de 25 d&#8217;abril, General de Sanitat.<br \/>\n        <br \/>D&#8217;igual manera, l&#8217;acc\u00e9s per part del personal sanitari degudament autoritzat, i en el marc de les seves funcions d&#8217;inspecci\u00f3, ve emparat per la Llei 41\/2002 d&#8217;Autonomia del Pacient.\n    <\/p>\n<p>\n        <b>4. A quins destinataris es comunicaran les seves dades?<\/b><br \/>\n        <br \/>Se li informa que les seves dades seran comunicades al Serveis Auton\u00f2mic de Salut i Entitats col\u00b7laboradores de la S.S que per obligaci\u00f3 legal hagin d&#8217;accedir a les dades per a la correcta prestaci\u00f3 de l&#8217;assist\u00e8ncia m\u00e8dica-sanit\u00e0ria.<br \/>\n        <br \/>Si l&#8217;assist\u00e8ncia sanit\u00e0ria es realitz\u00e9s sobre la base de concerts amb Entitats Asseguradores o a l&#8217;empara de p\u00f2lisses o cobertures de les quals vost\u00e8, com a pacient, sigui beneficiari, l&#8217;ENTITAT podr\u00e0 facilitar la informaci\u00f3 dels serveis prestats, incloent les dades de car\u00e0cter personal, que sigui sol\u00b7licitada per les asseguradores o entitats sota la cobertura de les quals es presta l&#8217;assist\u00e8ncia, doncs resulten imprescindibles per a tal cobertura i la seva facturaci\u00f3.<br \/>\n        <br \/>Aix\u00ed mateix, en aquells casos en els quals, per ra\u00f3 del seu tractament, sigui necess\u00e0ria la utilitzaci\u00f3 de pr\u00f2tesi o algun altre material quir\u00fargic espec\u00edfic, podran comunicar-se les seves dades personals a les entitats prove\u00efdores, \u00fanica i exclusivament, amb aquesta finalitat.<br \/>\n        <br \/><b>Transfer\u00e8ncies de dades a tercers pa\u00efsos<\/b><br \/>\n        <br \/>No estan previstes transfer\u00e8ncies de dades a tercers pa\u00efsos.\n    <\/p>\n<p>\n        <b>5. Com hem obtingut les seves dades?<\/b><br \/>\n        <br \/>Les dades personals que tractem en CENTRE KINE S.L. procedeixen de: El propi interessat.<br \/>\n        <br \/>Les categories de dades que es tracten s\u00f3n:<\/p>\n<ul>\n<li>Dades identificatives.<\/li>\n<li>Informaci\u00f3 comercial.<\/li>\n<li>Dades econ\u00f2miques.<\/li>\n<li>Datos de salud<\/li>\n<\/ul>\n<p>Es tracten les seg\u00fcents categories de dades especials: salut.\n    <\/p>\n<h4>H. TRACTAMENT DE DADES SUBSCRIPTORS NEWSLETTER<\/h4>\n<p>\n        <b>1. Amb quina finalitat tractem les seves dades personals?<\/b><br \/>\n        <br \/>Al CENTRE KINE S.L. tractem la informaci\u00f3 que ens faciliten les persones interessades amb la finalitat de Gestionar la subscripci\u00f3 de la Newsletter, que manem de forma peri\u00f2dica als interessats que se subscriuen a ella.<br \/>\n        <br \/>No es prendran decisions automatitzades en base de dades proporcionades.\n    <\/p>\n<p>\n        <b>2. Per quant temps conservarem les seves dades? <\/b><br \/>\n        <br \/>Les dades es conservaran mentre no manifesti el seu desig que siguin suprimides.<\/p>\n<p>\n        <b>3. Quina \u00e9s la legitimaci\u00f3 per al tractament de les seves dades?<\/b><br \/>\n        <br \/>Li indiquem la base legal per al tractament de les seves dades:<br \/>\n        <\/p>\n<ul>\n<li>Consentiment de l&#8217;interessat: En marcar la casella, vost\u00e8 presta el seu consentiment perqu\u00e8 li enviem peri\u00f2dicament nostra Newsletter.<\/li>\n<\/ul>\n<p>\n        <b>4. A quins destinataris es comunicaran les seves dades?<\/b><br \/>\n        <br \/>No se cediran dades a tercers, excepte obligaci\u00f3 legal.\n    <\/p>\n<p>\n        <b>5. Transfer\u00e8ncies de dades a tercers pa\u00efsos<\/b><br \/>\n        <br \/>No estan previstes transfer\u00e8ncies de dades a tercers pa\u00efsos.\n    <\/p>\n<p>\n        <b>6.Com hem obtingut les seves dades?<\/b><br \/>\n        <br \/>Les dades personals que tractem en CENTRE KINE S.L. procedeixen de: El propi interessat.<br \/>\n        <br \/>Les categories de dades que es tracten s\u00f3n:<br \/>\n        <\/p>\n<ul>\n<li>Dades identificatives.<\/li>\n<li>Adrecis postals i electr\u00f2niques.<\/li>\n<\/ul>\n<h3>III. DERECHOS EN MATERIA DE PROTECCI\u00d3N DE DATOS<\/h3>\n<p>\n        <b>Quins s\u00f3n els seus drets quan ens facilita les seves dades?<\/b><br \/>\n        <br \/>Qualsevol persona t\u00e9 dret a obtenir confirmaci\u00f3 sobre si al CENTRE KINE S.L. estem tractant, o no, dades personals que els concerneixin.<br \/>\n        <br \/>Les persones interessades tenen dret a accedir a les seves dades personals, aix\u00ed com a sol\u00b7licitar la rectificaci\u00f3 de les dades inexactes o, si escau, sol\u00b7licitar la seva supressi\u00f3 quan, entre altres motius, les dades ja no siguin necessaris per a les finalitats que van ser recollits. Igualment t\u00e9 dret a la portabilitat de les seves dades.<br \/>\n        <br \/>En determinades circumst\u00e0ncies, els interessats podran sol\u00b7licitar la limitaci\u00f3 del tractament de les seves dades, en aquest cas \u00fanicament els conservarem per a l&#8217;exercici o la defensa de reclamacions.<br \/>\n        <br \/>En determinades circumst\u00e0ncies i per motius relacionats amb la seva situaci\u00f3 particular, els interessats podran oposar-se al tractament de les seves dades. En aquest cas, CENTRE KINE S.L. deixar\u00e0 de tractar les dades, excepte per motius leg\u00edtims imperiosos, o l&#8217;exercici o la defensa de possibles reclamacions.<br \/>\n        <br \/>Quan es realitzi l&#8217;enviament de comunicacions comercials utilitzant com a base jur\u00eddica l&#8217;inter\u00e8s leg\u00edtim del responsable, l&#8217;interessat podr\u00e0 oposar-se al tractament de les seves dades amb aquesta fi.<br \/>\n        <br \/>Si ha atorgat el seu consentiment per a alguna finalitat concreta, t\u00e9 dret a retirar el consentiment atorgat en qualsevol moment, sense que aix\u00f2 afecti a la licitud del tractament basat en el consentiment previ a la seva retirada.<br \/>\n        <br \/>En cas que senti vulnerats els seus drets pel que concerneix la protecci\u00f3 de les seves dades personals, especialment quan no hagi obtingut satisfacci\u00f3 en l&#8217;exercici dels seus drets, pot presentar una reclamaci\u00f3 davant l&#8217;Autoritat de Control en mat\u00e8ria de Protecci\u00f3 de Dades competent a trav\u00e9s del seu lloc web: www.agpd.es.\n    <\/p>\n<p>\n        <b>Com pot exercir els seus drets?<\/b><br \/>\n        <br \/>Pot exercir els seus drets enviant-nos una carta a la nostra adre\u00e7a postal o enviant un correu electr\u00f2nic a l&#8217;adre\u00e7a info@centrekine.com. En tots dos casos, utilitzi l&#8217;assumpte \u201cPROTECCI\u00d3 DE DADES\u201d i adjunti una c\u00f2pia d&#8217;un document oficial que li identifiqui.\n    <\/p>\n<\/div>\n","protected":false},"excerpt":{"rendered":"POL\u00cdTICA DE PROTECCI\u00d3 DE DADES I PRIVACITAT Al CENTRE KINE S.L. ens preocupem per la privacitat i la transpar\u00e8ncia. En aquesta Pol\u00edtica de Privacitat, trobar\u00e0 el seg\u00fcent: Dades del responsable&#8230;","protected":false},"author":10,"featured_media":4586,"parent":0,"menu_order":0,"comment_status":"closed","ping_status":"closed","template":"","meta":[],"acf":[],"_links":{"self":[{"href":"https:\/\/old.centrekine.com\/ca\/wp-json\/wp\/v2\/pages\/7528"}],"collection":[{"href":"https:\/\/old.centrekine.com\/ca\/wp-json\/wp\/v2\/pages"}],"about":[{"href":"https:\/\/old.centrekine.com\/ca\/wp-json\/wp\/v2\/types\/page"}],"author":[{"embeddable":true,"href":"https:\/\/old.centrekine.com\/ca\/wp-json\/wp\/v2\/users\/10"}],"replies":[{"embeddable":true,"href":"https:\/\/old.centrekine.com\/ca\/wp-json\/wp\/v2\/comments?post=7528"}],"version-history":[{"count":0,"href":"https:\/\/old.centrekine.com\/ca\/wp-json\/wp\/v2\/pages\/7528\/revisions"}],"wp:featuredmedia":[{"embeddable":true,"href":"https:\/\/old.centrekine.com\/ca\/wp-json\/wp\/v2\/media\/4586"}],"wp:attachment":[{"href":"https:\/\/old.centrekine.com\/ca\/wp-json\/wp\/v2\/media?parent=7528"}],"curies":[{"name":"wp","href":"https:\/\/api.w.org\/{rel}","templated":true}]}}