{"id":6301,"date":"2016-09-01T17:18:03","date_gmt":"2016-09-01T15:18:03","guid":{"rendered":"https:\/\/kine.local.151-80-101-104.irondex.com\/?page_id=6301"},"modified":"2016-09-22T10:21:21","modified_gmt":"2016-09-22T08:21:21","slug":"politica-de-cookies-ca","status":"publish","type":"page","link":"https:\/\/old.centrekine.com\/ca\/politica-de-cookies-ca\/","title":{"rendered":"Pol\u00edtica de Cookies"},"content":{"rendered":"<div class=\"title-politica-cookies\">\n<h3>Pol\u00edtica de Cookies<\/h3>\n<\/div>\n<div class=\"content-politica-cookies\">\n<p>En compliment amb el que disposa l&#8217;article 22.2 de la Llei 34\/2002, de 11 de juliol, de Serveis de la Societat de la Informaci\u00f3 i de Comer\u00e7 Electr\u00f2nic, aquesta p\u00e0gina web l&#8217;informa, en aquesta secci\u00f3, sobre la <strong> pol\u00edtica de recollida i tractament de cookies <\/strong><\/p>\n<h4><span style=\"line-height: 1.5;\">Qu\u00e8 s\u00f3n les galetes? <\/span><\/h4>\n<p><span style=\"line-height: 1.5;\"> Una galeta \u00e9s un fitxer que es descarrega al seu ordinador en accedir a determinades p\u00e0gines web. Les cookies permeten a una p\u00e0gina web, entre altres coses, emmagatzemar i recuperar informaci\u00f3 sobre els h\u00e0bits de navegaci\u00f3 d&#8217;un usuari o del seu equip i, depenent de la informaci\u00f3 que continguin i de la forma en qu\u00e8 utilitzi el seu equip, es poden utilitzar per recon\u00e8ixer a l&#8217;usuari.<\/span><\/p>\n<h4>Quins tipus de cookies utilitza aquesta p\u00e0gina web?<\/h4>\n<p>Aquesta p\u00e0gina web utilitza els seg\u00fcents tipus de galetes:<\/p>\n<p><span style=\"text-decoration: underline;\"><strong> Galetes d&#8217;an\u00e0lisi <\/strong><\/span>: S\u00f3n aquelles que ben tractades per nosaltres o per tercers, ens permeten quantificar el nombre d&#8217;usuaris i aix\u00ed realitzar el mesurament i an\u00e0lisi estad\u00edstica de la utilitzaci\u00f3 que fan els usuaris del servei ofert. Per aix\u00f2 s&#8217;analitza la seva navegaci\u00f3 a la nostra p\u00e0gina web per tal de millorar l&#8217;oferta de productes o serveis que li oferim.<\/p>\n<p><span style=\"text-decoration: underline;\"><strong> Galetes t\u00e8cniques <\/strong><\/span>: S\u00f3n aquelles que permeten a l&#8217;usuari la navegaci\u00f3 a trav\u00e9s de l&#8217;\u00e0rea restringida i la utilitzaci\u00f3 dels seus diferents funcions, com per exemple, dur a canvi el proc\u00e9s de compra d&#8217;un article.<\/p>\n<p><strong><span style=\"text-decoration: underline;\"> Galetes de personalitzaci\u00f3 <\/span> <\/strong>: S\u00f3n aquelles que permeten a l&#8217;usuari accedir al servei amb algunes caracter\u00edstiques de car\u00e0cter general predefinides en funci\u00f3 de una s\u00e8rie de criteris en el terminal de l&#8217;usuari com ara serien l&#8217;idioma o el tipus de navegador mitjan\u00e7ant el qual es connecta al servei.<\/p>\n<p><strong><span style=\"text-decoration: underline;\"> Galetes publicit\u00e0ries <\/span> <\/strong>: S\u00f3n aquelles que, ben tractades per aquesta web o per tercers, permeten gestionar de la forma m\u00e9s efica\u00e7 possible l&#8217;oferta dels espais publicitaris que hi ha a la p\u00e0gina web, adequant el contingut de l&#8217;anunci al contingut del servei sol\u00b7licitat o l&#8217;\u00fas que realitzi de la nostra p\u00e0gina web. Per a aix\u00f2 podem analitzar els seus h\u00e0bits de navegaci\u00f3 a Internet i podem mostrar publicitat relacionada amb el seu perfil de navegaci\u00f3.<\/p>\n<p><span style=\"text-decoration: underline;\"><strong> Galetes de publicitat comportamental <\/span><\/strong>: S\u00f3n aquelles que permeten la gesti\u00f3, de la forma m\u00e9s efica\u00e7 possible, dels espais publicitaris que, si escau, l&#8217;editor hagi incl\u00f2s en una p\u00e0gina web, aplicaci\u00f3 o plataforma des de la qual presta el servei sol\u00b7licitat. Aquest tipus de galetes emmagatzemen informaci\u00f3 del comportament dels visitants obtinguda a trav\u00e9s de l&#8217;observaci\u00f3 continuada dels seus h\u00e0bits de navegaci\u00f3, el que permet desenvolupar un perfil espec\u00edfic per mostrar avisos publicitaris en funci\u00f3 del mateix.<\/p>\n<h4>Desactivar les galetes.<\/h4>\n<p>Pot vost\u00e8 <strong> permetre, bloquejar o eliminar les cookies <\/strong> instal\u00b7lades en el seu equip mitjan\u00e7ant la configuraci\u00f3 de les opcions del navegador en el vostre ordinador.<\/p>\n<p>En la majoria dels navegadors web s&#8217;ofereix la possibilitat de permetre, bloquejar o eliminar les cookies instal\u00b7lades en el seu equip.<\/p>\n<p>A continuaci\u00f3 pot accedir a la configuraci\u00f3 dels navegadors webs m\u00e9s freq\u00fcents per acceptar, instal\u00b7lar o desactivar les galetes:<\/p>\n<ul>\n<li><a href=\"https:\/\/support.google.com\/chrome\/answer\/95647?hl=ca\" target=\"_blank\"> Configura galetes a Google Chrome<\/a><\/li>\n<li><a href=\"http:\/\/windows.microsoft.com\/es-es\/windows7\/how-to-manage-cookies-in-internet-explorer-9\" target=\"_blank\"> Configura galetes en Microsoft Internet Explorer <\/a><\/li>\n<li><a href=\"https:\/\/support.mozilla.org\/ca\/kb\/activa-i-desactiva-les-galetes-que-les-pagines-web\" target=\"_blank\">Configura galetes de Mozilla Firefox <\/a><\/li>\n<li><a href=\"https:\/\/support.apple.com\/es-es\/HT201265\" target=\"_blank\"> Configura galetes en Safari (Apple)<\/a><\/li>\n<\/ul>\n<h4>Galetes de tercers.<\/h4>\n<p>Aquesta p\u00e0gina web utilitza serveis de tercers per recopilar informaci\u00f3 amb fins estad\u00edstics i d&#8217;\u00fas de la web. S&#8217;usen galetes de DoubleClick per millorar la publicitat que s&#8217;inclou en el lloc web. S\u00f3n utilitzades per orientar la publicitat segons el contingut que \u00e9s rellevant per a un usuari, millorant aix\u00ed la qualitat d&#8217;experi\u00e8ncia en l&#8217;\u00fas del mateix.<\/p>\n<p>En concret, fem servir els serveis de Google Adsense i d&#8217;Analytics per a les nostres estad\u00edstiques i publicitat. Algunes cookies s\u00f3n essencials per al funcionament del lloc, per exemple el cercador incorporat.<\/p>\n<p>El nostre lloc inclou altres funcionalitats proporcionades per tercers. Vost\u00e8 pot f\u00e0cilment compartir el contingut en xarxes socials com Facebook, Twitter o Google+, amb els botons que hem incl\u00f2s a aquest efecte.<\/p>\n<h4>Notes sobre eliminar galetes.<\/h4>\n<p>Podeu eliminar i bloquejar totes les galetes d&#8217;aquest lloc, per\u00f2 part del lloc no funcionar\u00e0 o la qualitat de la p\u00e0gina web pot veure afectada.<\/p>\n<p>Si t\u00e9 qualsevol dubte sobre la nostra pol\u00edtica de cookies, pot contactar amb aquesta p\u00e0gina web a trav\u00e9s dels nostres canals de Contacte.<\/p>\n<\/div>\n","protected":false},"excerpt":{"rendered":"Pol\u00edtica de Cookies En compliment amb el que disposa l&#8217;article 22.2 de la Llei 34\/2002, de 11 de juliol, de Serveis de la Societat de la Informaci\u00f3 i de Comer\u00e7&#8230;","protected":false},"author":10,"featured_media":4585,"parent":0,"menu_order":0,"comment_status":"closed","ping_status":"closed","template":"","meta":[],"acf":[],"_links":{"self":[{"href":"https:\/\/old.centrekine.com\/ca\/wp-json\/wp\/v2\/pages\/6301"}],"collection":[{"href":"https:\/\/old.centrekine.com\/ca\/wp-json\/wp\/v2\/pages"}],"about":[{"href":"https:\/\/old.centrekine.com\/ca\/wp-json\/wp\/v2\/types\/page"}],"author":[{"embeddable":true,"href":"https:\/\/old.centrekine.com\/ca\/wp-json\/wp\/v2\/users\/10"}],"replies":[{"embeddable":true,"href":"https:\/\/old.centrekine.com\/ca\/wp-json\/wp\/v2\/comments?post=6301"}],"version-history":[{"count":0,"href":"https:\/\/old.centrekine.com\/ca\/wp-json\/wp\/v2\/pages\/6301\/revisions"}],"wp:featuredmedia":[{"embeddable":true,"href":"https:\/\/old.centrekine.com\/ca\/wp-json\/wp\/v2\/media\/4585"}],"wp:attachment":[{"href":"https:\/\/old.centrekine.com\/ca\/wp-json\/wp\/v2\/media?parent=6301"}],"curies":[{"name":"wp","href":"https:\/\/api.w.org\/{rel}","templated":true}]}}