{"id":5624,"date":"2016-06-16T07:20:12","date_gmt":"2016-06-16T07:20:12","guid":{"rendered":"https:\/\/kine.local.151-80-101-104.irondex.com\/ca\/contacto\/"},"modified":"2019-02-05T12:28:27","modified_gmt":"2019-02-05T11:28:27","slug":"contacte","status":"publish","type":"page","link":"https:\/\/old.centrekine.com\/ca\/contacte\/","title":{"rendered":"Contacte"},"content":{"rendered":"<div class=\"col-xs-12 form-contact\">\n\r\n                <div class='gf_browser_gecko gform_wrapper' id='gform_wrapper_2' ><a id='gf_2' class='gform_anchor' ><\/a><form method='post' enctype='multipart\/form-data'  id='gform_2'  action='\/ca\/wp-json\/wp\/v2\/pages\/5624#gf_2'>\r\n                        <div class='gform_body'><ul id='gform_fields_2' class='gform_fields top_label form_sublabel_below description_below'><li id='field_2_7'  class='gfield gfield_html gfield_html_formatted gfield_no_follows_desc field_sublabel_below field_description_below gfield_visibility_visible' ><h4 class=\"side-lines\"><span>Qu\u00e8 necessites?<\/span><\/h4>\r\n<p>A <b> Centre Kine <\/b> abordem el problema fixant-nos no nom\u00e9s en el lloc on et fa mal sin\u00f3 a trav\u00e9s d'una visi\u00f3 global del dolor i des de diferents especialitats<\/p>\r\n<p><b>Deixa'ns la teva consulta i et respondrem en 24 hores<\/b><\/p><\/li><li id='field_2_1'  class='gfield col-sm-6 gfield_contains_required field_sublabel_below field_description_below gfield_visibility_visible' ><label class='gfield_label' for='input_2_1' >Nom<span class='gfield_required'>*<\/span><\/label><div class='ginput_container ginput_container_text'><input name='input_1' id='input_2_1' type='text' value='' class='medium'     aria-required=\"true\" aria-invalid=\"false\" \/><\/div><\/li><li id='field_2_2'  class='gfield col-sm-6 gfield_contains_required field_sublabel_below field_description_below gfield_visibility_visible' ><label class='gfield_label' for='input_2_2' >Cognoms<span class='gfield_required'>*<\/span><\/label><div class='ginput_container ginput_container_text'><input name='input_2' id='input_2_2' type='text' value='' class='medium'     aria-required=\"true\" aria-invalid=\"false\" \/><\/div><\/li><li id='field_2_4'  class='gfield col-xs-12 gfield_contains_required field_sublabel_below field_description_below gfield_visibility_visible' ><label class='gfield_label' for='input_2_4' >Email<span class='gfield_required'>*<\/span><\/label><div class='ginput_container ginput_container_email'>\r\n                            <input name='input_4' id='input_2_4' type='email' value='' class='medium'    aria-required=\"true\" aria-invalid=\"false\"\/>\r\n                        <\/div><\/li><li id='field_2_5'  class='gfield col-sm-12 gfield_contains_required field_sublabel_below field_description_below gfield_visibility_visible' ><label class='gfield_label' for='input_2_5' >Escriu aqu\u00ed el teu dubte, consulta o comentari<span class='gfield_required'>*<\/span><\/label><div class='ginput_container ginput_container_textarea'><textarea name='input_5' id='input_2_5' class='textarea medium'     aria-required=\"true\" aria-invalid=\"false\"   rows='10' cols='50'><\/textarea><\/div><\/li><li id='field_2_9'  class='gfield col-sm-12 col-xs-12 gfield_contains_required field_sublabel_below field_description_below gfield_visibility_visible' ><label class='gfield_label'  ><span class='gfield_required'>*<\/span><\/label><div class='ginput_container ginput_container_checkbox'><ul class='gfield_checkbox' id='input_2_9'><li class='gchoice_2_9_1'>\r\n\t\t\t\t\t\t\t\t<input name='input_9.1' type='checkbox'  value='He llegit i accepto la &lt;a href=&quot;https:\/\/centrekine.com\/ca\/politica-de-privacitat\/&quot;&gt; pol\u00edtica de privacitat&lt;\/a&gt;'  id='choice_2_9_1'   \/>\r\n\t\t\t\t\t\t\t\t<label for='choice_2_9_1' id='label_2_9_1'>He llegit i accepto la <a href=\"https:\/\/centrekine.com\/ca\/politica-de-privacitat\/\"> pol\u00edtica de privacitat<\/a><\/label>\r\n\t\t\t\t\t\t\t<\/li><\/ul><\/div><\/li><li id='field_2_10'  class='gfield col-sm-12 col-xs-12 field_sublabel_below field_description_below gfield_visibility_visible' ><label class='gfield_label'  ><\/label><div class='ginput_container ginput_container_checkbox'><ul class='gfield_checkbox' id='input_2_10'><li class='gchoice_2_10_1'>\r\n\t\t\t\t\t\t\t\t<input name='input_10.1' type='checkbox'  value='Autorizo el env\u00edo del bolet\u00edn de noticias.'  id='choice_2_10_1'   \/>\r\n\t\t\t\t\t\t\t\t<label for='choice_2_10_1' id='label_2_10_1'>Autorizo el env\u00edo del bolet\u00edn de noticias.<\/label>\r\n\t\t\t\t\t\t\t<\/li><\/ul><\/div><\/li><li id='field_2_8'  class='gfield col-sm-12 col-xs-12 gfield_html gfield_html_formatted gfield_no_follows_desc field_sublabel_below field_description_below gfield_visibility_visible' >Responsable: CENTRE KINE S.L.; Finalitat: Gestionar la subscripci\u00f3 a la Newsletter; Legitimaci\u00f3: Consentiment de l'interessat; Destinataris: No es cediran dades a tercers menys en cas d\u2019obligaci\u00f3 legal; Drets: T\u00e9 dret a accedir, rectificar i suprimir les dades, aix\u00ed com altres drets, indicats a la informaci\u00f3 addicional , que poden exercir dirigint-se a \r\n <a href=\"mailto:info@centrekine.com\">info@centrekine.com<\/a>; Proced\u00e8ncia: El mateix interessat; Informaci\u00f3 addicional: <a target=\"_blank\" href=\"https:\/\/centrekine.com\/ca\/politica-de-privacitat\/\">https:\/\/centrekine.com\/ca\/politica-de-privacitat\/<\/a><\/li>\r\n                            <\/ul><\/div>\r\n        <div class='gform_footer top_label'> <input type='submit' id='gform_submit_button_2' class='gform_button button' value='Enviar'  onclick='if(window[\"gf_submitting_2\"]){return false;}  if( !jQuery(\"#gform_2\")[0].checkValidity || jQuery(\"#gform_2\")[0].checkValidity()){window[\"gf_submitting_2\"]=true;}  ' onkeypress='if( event.keyCode == 13 ){ if(window[\"gf_submitting_2\"]){return false;} if( !jQuery(\"#gform_2\")[0].checkValidity || jQuery(\"#gform_2\")[0].checkValidity()){window[\"gf_submitting_2\"]=true;}  jQuery(\"#gform_2\").trigger(\"submit\",[true]); }' \/> \r\n            <input type='hidden' class='gform_hidden' name='is_submit_2' value='1' \/>\r\n            <input type='hidden' class='gform_hidden' name='gform_submit' value='2' \/>\r\n            \r\n            <input type='hidden' class='gform_hidden' name='gform_unique_id' value='' \/>\r\n            <input type='hidden' class='gform_hidden' name='state_2' value='WyJbXSIsImU2NjVmZDU1MjJjZTJiMTI1MGQxZWE3NjFjZWZmYjU5Il0=' \/>\r\n            <input type='hidden' class='gform_hidden' name='gform_target_page_number_2' id='gform_target_page_number_2' value='0' \/>\r\n            <input type='hidden' class='gform_hidden' name='gform_source_page_number_2' id='gform_source_page_number_2' value='1' \/>\r\n            <input type='hidden' name='gform_field_values' value='' \/>\r\n            \r\n        <\/div>\r\n                        <\/form>\r\n                        <\/div><script type='text\/javascript'> jQuery(document).bind('gform_post_render', function(event, formId, currentPage){if(formId == 2) {} } );jQuery(document).bind('gform_post_conditional_logic', function(event, formId, fields, isInit){} );<\/script><script type='text\/javascript'> jQuery(document).ready(function(){jQuery(document).trigger('gform_post_render', [2, 1]) } ); <\/script>\n<\/div>\n<div class=\"col-xs-12 title-our-centers\">\n<h4>\u00bfOn pots trobar-nos?<\/h4>\n<\/div>\n<div class=\"col-sm-6 col-xs-12 content-our-centers\">\n<ul>\n<li>Passeig de Ronda, n\u00ba 164<\/li>\n<li>25008 &#8211; Lleida<\/li>\n<li>Tel. 973 23 37 03 &#8211; 677 56 16 59<\/li>\n<li>info@centrekine.com<\/li>\n<\/ul>\n<p><a target=\"_blank\" href=\"https:\/\/www.google.com\/maps\/d\/u\/0\/viewer?mid=13Rd-cV0r3PpbC6tO2LbONu0MMxY&#038;ll=41.618542650200936%2C0.6273031999999148&#038;z=16\"><img class=\"img-responsive center-block\" src=\"https:\/\/centrekine.com\/wp-content\/uploads\/2016\/07\/kin-nuestros-centros-paseo-de-ronda.jpg\"><\/a>\n<\/div>\n<div class=\"col-sm-6 col-xs-12 content-our-centers\">\n<ul>\n<li>Santa Cec\u00edlia, n\u00ba 20<\/li>\n<li>25001 &#8211; Lleida<\/li>\n<li>Tel. 973 23 37 03 &#8211; 677 56 16 59<\/li>\n<li>info@centrekine.com<\/li>\n<\/ul>\n<p><a target=\"_blank\" href=\"https:\/\/www.google.com\/maps\/d\/u\/0\/viewer?mid=13Rd-cV0r3PpbC6tO2LbONu0MMxY&#038;ll=41.618542650200936%2C0.6273031999999148&#038;z=16\"><img class=\"img-responsive center-block\" src=\"https:\/\/centrekine.com\/wp-content\/uploads\/2016\/07\/kin-nuestros-centros-santa-cecilia.jpg\"><\/a>\n<\/div>\n","protected":false},"excerpt":{"rendered":"\u00bfOn pots trobar-nos? Passeig de Ronda, n\u00ba 164 25008 &#8211; Lleida Tel. 973 23 37 03 &#8211; 677 56 16 59 info@centrekine.com Santa Cec\u00edlia, n\u00ba 20 25001 &#8211; Lleida Tel&#8230;.","protected":false},"author":10,"featured_media":6754,"parent":0,"menu_order":0,"comment_status":"closed","ping_status":"closed","template":"page-contact.php","meta":[],"acf":[],"_links":{"self":[{"href":"https:\/\/old.centrekine.com\/ca\/wp-json\/wp\/v2\/pages\/5624"}],"collection":[{"href":"https:\/\/old.centrekine.com\/ca\/wp-json\/wp\/v2\/pages"}],"about":[{"href":"https:\/\/old.centrekine.com\/ca\/wp-json\/wp\/v2\/types\/page"}],"author":[{"embeddable":true,"href":"https:\/\/old.centrekine.com\/ca\/wp-json\/wp\/v2\/users\/10"}],"replies":[{"embeddable":true,"href":"https:\/\/old.centrekine.com\/ca\/wp-json\/wp\/v2\/comments?post=5624"}],"version-history":[{"count":1,"href":"https:\/\/old.centrekine.com\/ca\/wp-json\/wp\/v2\/pages\/5624\/revisions"}],"predecessor-version":[{"id":11037,"href":"https:\/\/old.centrekine.com\/ca\/wp-json\/wp\/v2\/pages\/5624\/revisions\/11037"}],"wp:featuredmedia":[{"embeddable":true,"href":"https:\/\/old.centrekine.com\/ca\/wp-json\/wp\/v2\/media\/6754"}],"wp:attachment":[{"href":"https:\/\/old.centrekine.com\/ca\/wp-json\/wp\/v2\/media?parent=5624"}],"curies":[{"name":"wp","href":"https:\/\/api.w.org\/{rel}","templated":true}]}}