{"id":5570,"date":"2016-07-08T08:51:56","date_gmt":"2016-07-08T08:51:56","guid":{"rendered":"https:\/\/kine.local.151-80-101-104.irondex.com\/ca\/quien-te-cuida\/"},"modified":"2019-02-05T12:33:26","modified_gmt":"2019-02-05T11:33:26","slug":"qui-et-cuida","status":"publish","type":"page","link":"https:\/\/old.centrekine.com\/ca\/qui-et-cuida\/","title":{"rendered":"Qui et cuida"},"content":{"rendered":"<div class=\"col-sm-6 col-xs-12 img-who-care-you\">\n<img class=\"img-responsive center-block\" src=\"https:\/\/centrekine.com\/wp-content\/uploads\/2017\/06\/0338_emp_kine_fasana_2012-01-03.jpg\" \/>\n<\/div>\n<div class=\"col-sm-6 col-xs-12 content-who-care-you\">\n<p><strong>\u201cLa causa del dolor no sempre est\u00e0 all\u00e0 on fa mal&#8221;<\/strong><\/p>\n<p>Mans expertes per millorar el benestar i la qualitat de vida.<\/p>\n<p>Kine va obrir les portes a Lleida el 1990. Des dels seus inicis, un dels reptes m\u00e9s importants dels professionals que integren l\u2019equip terap\u00e8utic del centre ha estat la formaci\u00f3 continuada i l\u2019especialitzaci\u00f3 en diferents \u00e0rees terap\u00e8utiques orientades a la rehabilitaci\u00f3, les ter\u00e0pies globals i la prevenci\u00f3. L\u2019objectiu principal \u00e9s l\u2019atenci\u00f3 a les persones.<\/p>\n<p>Introdu\u00efm les m\u00e9s avan\u00e7ades t\u00e8cniques i ter\u00e0pies naturals, que ens permeten una atenci\u00f3 personalitzada i millorar la qualitat de vida de tots els que confien en nosaltres.<\/p>\n<div class=\"col-xs-12 btn-read-more\">\n<a class=\"btn-primary\" href=\"\/galeria\">Coneix el centre<\/a>\n<\/div>\n<\/div>\n","protected":false},"excerpt":{"rendered":"\u201cLa causa del dolor no sempre est\u00e0 all\u00e0 on fa mal&#8221; Mans expertes per millorar el benestar i la qualitat de vida. Kine va obrir les portes a Lleida el&#8230;","protected":false},"author":10,"featured_media":4582,"parent":0,"menu_order":0,"comment_status":"closed","ping_status":"closed","template":"page-who-care-you.php","meta":[],"acf":[],"_links":{"self":[{"href":"https:\/\/old.centrekine.com\/ca\/wp-json\/wp\/v2\/pages\/5570"}],"collection":[{"href":"https:\/\/old.centrekine.com\/ca\/wp-json\/wp\/v2\/pages"}],"about":[{"href":"https:\/\/old.centrekine.com\/ca\/wp-json\/wp\/v2\/types\/page"}],"author":[{"embeddable":true,"href":"https:\/\/old.centrekine.com\/ca\/wp-json\/wp\/v2\/users\/10"}],"replies":[{"embeddable":true,"href":"https:\/\/old.centrekine.com\/ca\/wp-json\/wp\/v2\/comments?post=5570"}],"version-history":[{"count":1,"href":"https:\/\/old.centrekine.com\/ca\/wp-json\/wp\/v2\/pages\/5570\/revisions"}],"predecessor-version":[{"id":11041,"href":"https:\/\/old.centrekine.com\/ca\/wp-json\/wp\/v2\/pages\/5570\/revisions\/11041"}],"wp:featuredmedia":[{"embeddable":true,"href":"https:\/\/old.centrekine.com\/ca\/wp-json\/wp\/v2\/media\/4582"}],"wp:attachment":[{"href":"https:\/\/old.centrekine.com\/ca\/wp-json\/wp\/v2\/media?parent=5570"}],"curies":[{"name":"wp","href":"https:\/\/api.w.org\/{rel}","templated":true}]}}