{"id":3994,"date":"2016-05-10T03:48:21","date_gmt":"2016-05-10T03:48:21","guid":{"rendered":"https:\/\/kine.local.151-80-101-104.irondex.com\/ca\/sample-page\/"},"modified":"2021-05-07T08:55:56","modified_gmt":"2021-05-07T06:55:56","slug":"sample-page","status":"publish","type":"page","link":"https:\/\/old.centrekine.com\/ca\/","title":{"rendered":"Inici"},"content":{"rendered":"<div class=\"col-xs-12 title-intro-kine\">\n<h3 class=\"side-lines section-title\"><span class=\"\">Qu\u00e8 t&#8217;oferim?<\/span><\/h3>\n<\/div>\n<div class=\"col-sm-4 img-intro-kine\"><img class=\"img-responsive center-block\" src=\"https:\/\/centrekine.com\/wp-content\/uploads\/2016\/08\/banner-faqs-centrekine.jpg\" \/><\/div>\n<div class=\"col-sm-8 content-intro-kine\">\n<p>A <strong>Centre Kine<\/strong> t&#8217;oferim un <strong>servei<\/strong> integral de <strong>salut<\/strong> de la m\u00e0 dels millors professionals. Osteopatia, fisioter\u00e0pia, reeducaci\u00f3 postural, ter\u00e0pia manual, hidroter\u00e0pia de c\u00f2lon, acupuntura, shiatsu, massatge, tractaments INDIBA, magnetoter\u00e0pia, ones de xoc, logop\u00e8dia &#8230;<\/p>\n<p>Prevenci\u00f3 de tot tipus de patologies i reducci\u00f3 o eliminaci\u00f3 del dolor des d&#8217;una enfocament natural.<\/p>\n<p>Ter\u00e0pies i tractaments no agressives per a l&#8217;organisme per millorar la salut, sense efectes secundaris.<\/p>\n<p>Especialistes amb <strong>m\u00e9s de 25 anys d&#8217;experi\u00e8ncia<\/strong> en constant formaci\u00f3 per oferir ter\u00e0pies orientades a la rehabilitaci\u00f3, ter\u00e0pies globals i la prevenci\u00f3, on el m\u00e9s important sempre s\u00f3n les persones.<\/p>\n<p>T\u2019esperem a les nostres instal\u00b7lacions de <strong>Passeig de Ronda 164 i Santa Cec\u00edlia 20<\/strong>, de Lleida.<\/p>\n<\/div>\n","protected":false},"excerpt":{"rendered":"Qu\u00e8 t&#8217;oferim? A Centre Kine t&#8217;oferim un servei integral de salut de la m\u00e0 dels millors professionals. Osteopatia, fisioter\u00e0pia, reeducaci\u00f3 postural, ter\u00e0pia manual, hidroter\u00e0pia de c\u00f2lon, acupuntura, shiatsu, massatge, tractaments&#8230;","protected":false},"author":10,"featured_media":390,"parent":0,"menu_order":0,"comment_status":"closed","ping_status":"open","template":"","meta":[],"acf":[],"_links":{"self":[{"href":"https:\/\/old.centrekine.com\/ca\/wp-json\/wp\/v2\/pages\/3994"}],"collection":[{"href":"https:\/\/old.centrekine.com\/ca\/wp-json\/wp\/v2\/pages"}],"about":[{"href":"https:\/\/old.centrekine.com\/ca\/wp-json\/wp\/v2\/types\/page"}],"author":[{"embeddable":true,"href":"https:\/\/old.centrekine.com\/ca\/wp-json\/wp\/v2\/users\/10"}],"replies":[{"embeddable":true,"href":"https:\/\/old.centrekine.com\/ca\/wp-json\/wp\/v2\/comments?post=3994"}],"version-history":[{"count":5,"href":"https:\/\/old.centrekine.com\/ca\/wp-json\/wp\/v2\/pages\/3994\/revisions"}],"predecessor-version":[{"id":11885,"href":"https:\/\/old.centrekine.com\/ca\/wp-json\/wp\/v2\/pages\/3994\/revisions\/11885"}],"wp:featuredmedia":[{"embeddable":true,"href":"https:\/\/old.centrekine.com\/ca\/wp-json\/wp\/v2\/media\/390"}],"wp:attachment":[{"href":"https:\/\/old.centrekine.com\/ca\/wp-json\/wp\/v2\/media?parent=3994"}],"curies":[{"name":"wp","href":"https:\/\/api.w.org\/{rel}","templated":true}]}}