{"id":11179,"date":"2019-03-14T12:10:51","date_gmt":"2019-03-14T11:10:51","guid":{"rendered":"https:\/\/centrekine.com\/?page_id=11179"},"modified":"2021-12-02T13:35:30","modified_gmt":"2021-12-02T12:35:30","slug":"les-nostres-instal%c2%b7lacions","status":"publish","type":"page","link":"https:\/\/old.centrekine.com\/ca\/les-nostres-instal%c2%b7lacions\/","title":{"rendered":"Les nostres instal\u00b7lacions"},"content":{"rendered":"<h3 class=\"side-lines\"><span>Les nostres instal\u00b7lacions<\/span><\/h3>\n<p>Descobreix les nostres instal\u2022lacions en els nostres centres de <strong>Passeig de Ronda, 164 i Santa Cec\u00edlia, 20<\/strong> a Lleida. Un entorn ideal per a les nostres ter\u00e0pies i tractaments: osteopatia, fisioter\u00e0pia, reeducaci\u00f3 postural, diet\u00e8tica i nutrici\u00f3, hidroter\u00e0pia de c\u00f2lon, acupuntura, shiatsu, massatge, tractaments INDIBA, logop\u00e8dia &#8230;<\/p>\n<div class=\"row\">\n<div class=\"col-md-6\">\n<h3 style=\"margin-top:20px;\">Recepci\u00f3<\/h3>\n<p><iframe loading=\"lazy\" style=\"border: 0;\" src=\"https:\/\/www.google.com\/maps\/embed?pb=!4v1548494994175!6m8!1m7!1sCAoSLEFGMVFpcE14WE1nX1M4MGlZNnVXOXB1bFNCN0lpMnMzNlBtRGlLWTZNaUoz!2m2!1d41.6246854!2d0.6221743!3f93.97405327772405!4f-5.989543860765096!5f0.4008989034995881\" width=\"100%\" height=\"300\" frameborder=\"0\" allowfullscreen=\"allowfullscreen\"><\/iframe>\n<\/div>\n<div class=\"col-md-6\">\n<h3 style=\"margin-top:20px;\">Gimn\u00e0s<\/h3>\n<p><iframe loading=\"lazy\" style=\"border: 0;\" src=\"https:\/\/www.google.com\/maps\/embed?pb=!4v1548494795116!6m8!1m7!1sCAoSLEFGMVFpcE5tWnFGdWtpcjY3VDdZMlRhOHFXMlNBS20zSmpfU2pXUkM0MHlt!2m2!1d41.6246854!2d0.6221743!3f234.09441773710753!4f-8.857529930359519!5f0.7820865974627469\" width=\"100%\" height=\"300\" frameborder=\"0\" allowfullscreen=\"allowfullscreen\"><\/iframe>\n<\/div>\n<\/div>\n<div class=\"row\">\n<div class=\"col-md-6\">\n<h3 style=\"margin-top:20px;\">Gimn\u00e0s 2<\/h3>\n<p><iframe loading=\"lazy\" style=\"border: 0;\" src=\"https:\/\/www.google.com\/maps\/embed?pb=!4v1548495113982!6m8!1m7!1sCAoSLEFGMVFpcE80TFhBOEF5emRxQThuVUhRYk9mQmxIU2dvdWp6UlVmdXhhY2t2!2m2!1d41.6246854!2d0.6221743!3f1.1985423858043873!4f-19.489966850055524!5f0.4004436686544481\" width=\"100%\" height=\"300\" frameborder=\"0\" allowfullscreen=\"allowfullscreen\"><\/iframe>\n<\/div>\n<div class=\"col-md-6\">\n<h3 style=\"margin-top:20px;\">Sala d&#8217;espera<\/h3>\n<p><iframe loading=\"lazy\" style=\"border: 0;\" src=\"https:\/\/www.google.com\/maps\/embed?pb=!4v1548495243602!6m8!1m7!1sCAoSLEFGMVFpcE5JeWp1NXFUOE42c0pfcEtZdE1ObXcwTkYtN3F4S0VOMk1WRkJI!2m2!1d41.6246854!2d0.6221743!3f27.331817797648604!4f-6.295207442085498!5f0.4000000000000002\" width=\"100%\" height=\"300\" frameborder=\"0\" allowfullscreen=\"allowfullscreen\"><\/iframe>\n<\/div>\n<\/div>\n<div class=\"row\">\n<div class=\"col-md-6\">\n<h3 style=\"margin-top:20px;\">Despatx<\/h3>\n<p><iframe loading=\"lazy\" style=\"border: 0;\" src=\"https:\/\/www.google.com\/maps\/embed?pb=!4v1548495029103!6m8!1m7!1sCAoSLEFGMVFpcE9yaXpsTExKSXF5WGRpM3QtZ0xITHpZM2NGYWJzVnVVTmU0N2tT!2m2!1d41.6246854!2d0.6221743!3f174.60383468556418!4f-18.900782878765952!5f0.4012659525238089\" width=\"100%\" height=\"300\" frameborder=\"0\" allowfullscreen=\"allowfullscreen\"><\/iframe>\n<\/div>\n<div class=\"col-md-6\">\n<h3 style=\"margin-top:20px;\">Box<\/h3>\n<p><iframe loading=\"lazy\" style=\"border: 0;\" src=\"https:\/\/www.google.com\/maps\/embed?pb=!4v1548495197953!6m8!1m7!1sCAoSLEFGMVFpcE13cG5GMnZVVE80WE5yWFl6elRhWnNDbjViMDhwNDJVbXZ1MUxr!2m2!1d41.6246854!2d0.6221743!3f24.705432922595794!4f-28.171133692825514!5f0.4000000000000002\" width=\"100%\" height=\"300\" frameborder=\"0\" allowfullscreen=\"allowfullscreen\"><\/iframe>\n<\/div>\n<\/div>\n","protected":false},"excerpt":{"rendered":"Les nostres instal\u00b7lacions Descobreix les nostres instal\u2022lacions en els nostres centres de Passeig de Ronda, 164 i Santa Cec\u00edlia, 20 a Lleida. Un entorn ideal per a les nostres ter\u00e0pies&#8230;","protected":false},"author":10,"featured_media":4599,"parent":0,"menu_order":0,"comment_status":"closed","ping_status":"closed","template":"page-instalaciones.php","meta":[],"acf":[],"_links":{"self":[{"href":"https:\/\/old.centrekine.com\/ca\/wp-json\/wp\/v2\/pages\/11179"}],"collection":[{"href":"https:\/\/old.centrekine.com\/ca\/wp-json\/wp\/v2\/pages"}],"about":[{"href":"https:\/\/old.centrekine.com\/ca\/wp-json\/wp\/v2\/types\/page"}],"author":[{"embeddable":true,"href":"https:\/\/old.centrekine.com\/ca\/wp-json\/wp\/v2\/users\/10"}],"replies":[{"embeddable":true,"href":"https:\/\/old.centrekine.com\/ca\/wp-json\/wp\/v2\/comments?post=11179"}],"version-history":[{"count":3,"href":"https:\/\/old.centrekine.com\/ca\/wp-json\/wp\/v2\/pages\/11179\/revisions"}],"predecessor-version":[{"id":12146,"href":"https:\/\/old.centrekine.com\/ca\/wp-json\/wp\/v2\/pages\/11179\/revisions\/12146"}],"wp:featuredmedia":[{"embeddable":true,"href":"https:\/\/old.centrekine.com\/ca\/wp-json\/wp\/v2\/media\/4599"}],"wp:attachment":[{"href":"https:\/\/old.centrekine.com\/ca\/wp-json\/wp\/v2\/media?parent=11179"}],"curies":[{"name":"wp","href":"https:\/\/api.w.org\/{rel}","templated":true}]}}