{"id":11058,"date":"2019-02-06T11:43:34","date_gmt":"2019-02-06T10:43:34","guid":{"rendered":"https:\/\/centrekine.com\/?page_id=11058"},"modified":"2019-03-06T12:36:03","modified_gmt":"2019-03-06T11:36:03","slug":"mutues","status":"publish","type":"page","link":"https:\/\/old.centrekine.com\/ca\/mutues\/","title":{"rendered":"M\u00fatues"},"content":{"rendered":"<p style=\"background: white none repeat scroll 0% 0%; margin: 0cm 0cm 7.5pt; text-align: center;\"><span style=\"font-size: 11.0pt; font-family: 'Calibri','sans-serif';\">Treballem amb les millors m\u00fatues per a la comoditat dels nostres clients. <\/span><\/p>\n<p style=\"background: white none repeat scroll 0% 0%; margin: 0cm 0cm 7.5pt; text-align: center;\"><span style=\"font-size: 11.0pt; font-family: 'Calibri','sans-serif';\">Els millors professionals al servei dels quadres m\u00e8dics de les principals m\u00fatues nacionals.<\/span><\/p>\n","protected":false},"excerpt":{"rendered":"Treballem amb les millors m\u00fatues per a la comoditat dels nostres clients. Els millors professionals al servei dels quadres m\u00e8dics de les principals m\u00fatues nacionals.","protected":false},"author":10,"featured_media":0,"parent":0,"menu_order":0,"comment_status":"closed","ping_status":"closed","template":"archive-mutua.php","meta":[],"acf":[],"_links":{"self":[{"href":"https:\/\/old.centrekine.com\/ca\/wp-json\/wp\/v2\/pages\/11058"}],"collection":[{"href":"https:\/\/old.centrekine.com\/ca\/wp-json\/wp\/v2\/pages"}],"about":[{"href":"https:\/\/old.centrekine.com\/ca\/wp-json\/wp\/v2\/types\/page"}],"author":[{"embeddable":true,"href":"https:\/\/old.centrekine.com\/ca\/wp-json\/wp\/v2\/users\/10"}],"replies":[{"embeddable":true,"href":"https:\/\/old.centrekine.com\/ca\/wp-json\/wp\/v2\/comments?post=11058"}],"version-history":[{"count":2,"href":"https:\/\/old.centrekine.com\/ca\/wp-json\/wp\/v2\/pages\/11058\/revisions"}],"predecessor-version":[{"id":11085,"href":"https:\/\/old.centrekine.com\/ca\/wp-json\/wp\/v2\/pages\/11058\/revisions\/11085"}],"wp:attachment":[{"href":"https:\/\/old.centrekine.com\/ca\/wp-json\/wp\/v2\/media?parent=11058"}],"curies":[{"name":"wp","href":"https:\/\/api.w.org\/{rel}","templated":true}]}}